{"id":287,"date":"2020-11-21T08:57:21","date_gmt":"2020-11-21T07:57:21","guid":{"rendered":"https:\/\/www.coachiyvon.com\/?page_id=287"},"modified":"2021-08-30T15:51:58","modified_gmt":"2021-08-30T13:51:58","slug":"about-me-2","status":"publish","type":"page","link":"https:\/\/www.coachiyvon.com\/de\/about-me-2\/","title":{"rendered":"About Me 2"},"content":{"rendered":"<div data-elementor-type=\"wp-page\" data-elementor-id=\"287\" class=\"elementor elementor-287\" data-elementor-settings=\"[]\">\n\t\t\t\t\t\t<div class=\"elementor-inner\">\n\t\t\t\t\t\t\t<div class=\"elementor-section-wrap\">\n\t\t\t\t\t\t\t<section class=\"has_ma_el_bg_slider elementor-section elementor-top-section elementor-element elementor-element-7a512d2b elementor-section-boxed elementor-section-height-default elementor-section-height-default\" data-id=\"7a512d2b\" data-element_type=\"section\" data-settings=\"{&quot;background_background&quot;:&quot;classic&quot;,&quot;shape_divider_bottom&quot;:&quot;curve-asymmetrical&quot;,&quot;shape_divider_bottom_negative&quot;:&quot;yes&quot;,&quot;_ha_eqh_enable&quot;:false}\">\n\t\t\t\t\t\t\t<div class=\"elementor-background-overlay\"><\/div>\n\t\t\t\t\t\t<div class=\"elementor-shape elementor-shape-bottom\" data-negative=\"true\">\n\t\t\t<svg xmlns=\"http:\/\/www.w3.org\/2000\/svg\" viewbox=\"0 0 1000 100\" preserveaspectratio=\"none\">\n\t<path class=\"elementor-shape-fill\" d=\"M615.2,96.7C240.2,97.8,0,18.9,0,0v100h1000V0C1000,19.2,989.8,96,615.2,96.7z\"\/>\n<\/svg>\t\t<\/div>\n\t\t\t\t\t<div class=\"elementor-container elementor-column-gap-default\">\n\t\t\t\t\t\t\t<div class=\"elementor-row\">\n\t\t\t\t\t<div class=\"has_ma_el_bg_slider elementor-column elementor-col-100 elementor-top-column elementor-element elementor-element-7f25ccfa\" data-id=\"7f25ccfa\" data-element_type=\"column\">\n\t\t\t<div class=\"elementor-column-wrap elementor-element-populated\">\n\t\t\t\t\t\t\t<div class=\"elementor-widget-wrap\">\n\t\t\t\t\t\t<div class=\"elementor-element elementor-element-15f06476 elementor-widget elementor-widget-heading\" data-id=\"15f06476\" data-element_type=\"widget\" data-widget_type=\"heading.default\">\n\t\t\t\t<div class=\"elementor-widget-container\">\n\t\t\t<h2 class=\"elementor-heading-title elementor-size-default\">About me<\/h2>\t\t<\/div>\n\t\t\t\t<\/div>\n\t\t\t\t<div class=\"elementor-element elementor-element-59dbb8 elementor-widget-divider--view-line elementor-widget elementor-widget-divider\" data-id=\"59dbb8\" data-element_type=\"widget\" data-widget_type=\"divider.default\">\n\t\t\t\t<div class=\"elementor-widget-container\">\n\t\t\t\t\t<div class=\"elementor-divider\">\n\t\t\t<span class=\"elementor-divider-separator\">\n\t\t\t\t\t\t<\/span>\n\t\t<\/div>\n\t\t\t\t<\/div>\n\t\t\t\t<\/div>\n\t\t\t\t<div class=\"elementor-element elementor-element-756bce7f elementor-widget elementor-widget-text-editor\" data-id=\"756bce7f\" data-element_type=\"widget\" data-widget_type=\"text-editor.default\">\n\t\t\t\t<div class=\"elementor-widget-container\">\n\t\t\t\t\t\t\t\t<div class=\"elementor-text-editor elementor-clearfix\">\n\t\t\t\t<p>Hoi, ik ben Yvonne van der Horst en wat leuk dat jij ervoor gekozen hebt om mij jou te laten ondersteunen met het bereiken van jouw doel.<br \/>Lassen Sie mich zun\u00e4chst kurz erkl\u00e4ren, wof\u00fcr ich stehe und wie ich arbeite.<\/p>\t\t\t\t\t<\/div>\n\t\t\t\t\t\t<\/div>\n\t\t\t\t<\/div>\n\t\t\t\t\t\t<\/div>\n\t\t\t\t\t<\/div>\n\t\t<\/div>\n\t\t\t\t\t\t\t\t<\/div>\n\t\t\t\t\t<\/div>\n\t\t<\/section>\n\t\t\t\t<section class=\"has_ma_el_bg_slider elementor-section elementor-top-section elementor-element elementor-element-31f1c564 elementor-section-boxed elementor-section-height-default elementor-section-height-default\" data-id=\"31f1c564\" data-element_type=\"section\" data-settings=\"{&quot;background_background&quot;:&quot;classic&quot;,&quot;_ha_eqh_enable&quot;:false}\">\n\t\t\t\t\t\t\t<div class=\"elementor-background-overlay\"><\/div>\n\t\t\t\t\t\t\t<div class=\"elementor-container elementor-column-gap-wide\">\n\t\t\t\t\t\t\t<div class=\"elementor-row\">\n\t\t\t\t\t<div class=\"has_ma_el_bg_slider elementor-column elementor-col-100 elementor-top-column elementor-element elementor-element-58d213e8\" data-id=\"58d213e8\" data-element_type=\"column\">\n\t\t\t<div class=\"elementor-column-wrap elementor-element-populated\">\n\t\t\t\t\t\t\t<div class=\"elementor-widget-wrap\">\n\t\t\t\t\t\t<div class=\"elementor-element elementor-element-5c5ac489 elementor-widget elementor-widget-heading\" data-id=\"5c5ac489\" data-element_type=\"widget\" data-widget_type=\"heading.default\">\n\t\t\t\t<div class=\"elementor-widget-container\">\n\t\t\t<h3 class=\"elementor-heading-title elementor-size-default\">My story<\/h3>\t\t<\/div>\n\t\t\t\t<\/div>\n\t\t\t\t<section class=\"has_ma_el_bg_slider elementor-section elementor-inner-section elementor-element elementor-element-686a8cd9 elementor-section-boxed elementor-section-height-default elementor-section-height-default\" data-id=\"686a8cd9\" data-element_type=\"section\" data-settings=\"{&quot;_ha_eqh_enable&quot;:false}\">\n\t\t\t\t\t\t<div class=\"elementor-container elementor-column-gap-default\">\n\t\t\t\t\t\t\t<div class=\"elementor-row\">\n\t\t\t\t\t<div class=\"has_ma_el_bg_slider elementor-column elementor-col-50 elementor-inner-column elementor-element elementor-element-3c65cc22\" data-id=\"3c65cc22\" data-element_type=\"column\">\n\t\t\t<div class=\"elementor-column-wrap elementor-element-populated\">\n\t\t\t\t\t\t\t<div class=\"elementor-widget-wrap\">\n\t\t\t\t\t\t<div class=\"elementor-element elementor-element-2c6df88a elementor-widget elementor-widget-text-editor\" data-id=\"2c6df88a\" data-element_type=\"widget\" data-widget_type=\"text-editor.default\">\n\t\t\t\t<div class=\"elementor-widget-container\">\n\t\t\t\t\t\t\t\t<div class=\"elementor-text-editor elementor-clearfix\">\n\t\t\t\t<p>Die Lebensweise f\u00fcr die Transformation von K\u00f6rper und Geist ist ein System der Selbstentwicklung. Meine Coaching-Methode wurde entwickelt, indem der Informationsdschungel in den Bereichen Gewichtsverlust, Muskelaufbau, Achtsamkeit, Gesundheit und Fitness sorgf\u00e4ltig analysiert und nur die Teile verwendet wurden, die funktionieren.<\/p>\n<p>Ich habe 18 Jahre Erfahrung in der Fitnessbranche gesammelt, in der ich selbst mehrfacher niederl\u00e4ndischer und deutscher Fitness-Champion war und auch das Finale der Weltmeisterschaft erreicht habe. Zus\u00e4tzlich zu meinen Erfahrungen w\u00e4hrend meiner sportlichen Karriere habe ich mehrere Abschl\u00fcsse und Zertifizierungen als Gesundheitscoach, Lifestyle-Coach, Personal Trainer, Ern\u00e4hrungsberater sowie Kraft- und Konditionstrainer.<\/p>\t\t\t\t\t<\/div>\n\t\t\t\t\t\t<\/div>\n\t\t\t\t<\/div>\n\t\t\t\t<div class=\"elementor-element elementor-element-5732071 elementor-widget elementor-widget-image\" data-id=\"5732071\" data-element_type=\"widget\" data-widget_type=\"image.default\">\n\t\t\t\t<div class=\"elementor-widget-container\">\n\t\t\t\t\t\t\t\t<div class=\"elementor-image\">\n\t\t\t\t\t\t\t\t\t\t\t\t<img width=\"720\" height=\"478\" src=\"https:\/\/www.coachiyvon.com\/wp-content\/uploads\/2020\/05\/13310331_10204709281052134_6447238868753032854_n.jpg\" class=\"attachment-large size-large\" alt=\"\" loading=\"lazy\" srcset=\"https:\/\/www.coachiyvon.com\/wp-content\/uploads\/2020\/05\/13310331_10204709281052134_6447238868753032854_n.jpg 720w, https:\/\/www.coachiyvon.com\/wp-content\/uploads\/2020\/05\/13310331_10204709281052134_6447238868753032854_n-300x199.jpg 300w\" sizes=\"(max-width: 720px) 100vw, 720px\" \/>\t\t\t\t\t\t\t\t\t\t\t\t\t\t<\/div>\n\t\t\t\t\t\t<\/div>\n\t\t\t\t<\/div>\n\t\t\t\t\t\t<\/div>\n\t\t\t\t\t<\/div>\n\t\t<\/div>\n\t\t\t\t<div class=\"has_ma_el_bg_slider elementor-column elementor-col-50 elementor-inner-column elementor-element elementor-element-1f17d6b8\" data-id=\"1f17d6b8\" data-element_type=\"column\">\n\t\t\t<div class=\"elementor-column-wrap elementor-element-populated\">\n\t\t\t\t\t\t\t<div class=\"elementor-widget-wrap\">\n\t\t\t\t\t\t<div class=\"elementor-element elementor-element-5853466e elementor-widget elementor-widget-text-editor\" data-id=\"5853466e\" data-element_type=\"widget\" data-widget_type=\"text-editor.default\">\n\t\t\t\t<div class=\"elementor-widget-container\">\n\t\t\t\t\t\t\t\t<div class=\"elementor-text-editor elementor-clearfix\">\n\t\t\t\t<p>Dies ist das einzige derzeit auf dem Markt befindliche Selbstentwicklungsprogramm, das sich auf alle Elemente des Hochleistungslebens in MIND &amp; BODY konzentriert! Ich habe dies speziell entwickelt, um Ihnen beizubringen, was f\u00fcr Sie am besten funktioniert. Es wird Ihnen die Kontrolle \u00fcber Ihren K\u00f6rper, Ihren Geist geben, emotionale Kontrolle schaffen und den au\u00dfergew\u00f6hnlichen Menschen in Ihnen hervorbringen.<\/p>\n<p>Ich bin auf Ver\u00e4nderungen von K\u00f6rper, Geist und Lebensstil spezialisiert und habe langj\u00e4hrige Erfahrung im Trainieren von Leistungssportlern. Ich benutze k\u00f6rperliches Training, Ern\u00e4hrungsumstellung und Denkverbesserungen, um Ihnen zu helfen, Ihre Ziele zu erreichen. Ich glaube an das Training von K\u00f6rper und Geist und kann Ihnen all dies durch mein pers\u00f6nliches Trainingsprogramm oder ein Online-Trainings- und Ern\u00e4hrungsprogramm bieten, das speziell f\u00fcr Ihre Ziele entwickelt wurde.<\/p>\n<p>Ich helfe Menschen aus aller Welt, sich pers\u00f6nlich, aber auch online in Form zu bringen. Ich freue mich darauf, Ihnen auch dabei zu helfen, Ihre Denk-, Gesundheits- und Fitnessziele zu erreichen, indem Sie ganz einfach in Ihrem eigenen Zuhause, Fitnessstudio oder in einem anderen pers\u00f6nlichen Bereich trainieren.<\/p>\n<p>Bis bald,<\/p>\n<p>Yvonne<\/p>\t\t\t\t\t<\/div>\n\t\t\t\t\t\t<\/div>\n\t\t\t\t<\/div>\n\t\t\t\t\t\t<\/div>\n\t\t\t\t\t<\/div>\n\t\t<\/div>\n\t\t\t\t\t\t\t\t<\/div>\n\t\t\t\t\t<\/div>\n\t\t<\/section>\n\t\t\t\t\t\t<\/div>\n\t\t\t\t\t<\/div>\n\t\t<\/div>\n\t\t\t\t\t\t\t\t<\/div>\n\t\t\t\t\t<\/div>\n\t\t<\/section>\n\t\t\t\t<section class=\"has_ma_el_bg_slider elementor-section elementor-top-section elementor-element elementor-element-7bcb8b22 elementor-section-boxed elementor-section-height-default elementor-section-height-default\" data-id=\"7bcb8b22\" data-element_type=\"section\" data-settings=\"{&quot;background_background&quot;:&quot;classic&quot;,&quot;shape_divider_top&quot;:&quot;curve&quot;,&quot;shape_divider_top_negative&quot;:&quot;yes&quot;,&quot;_ha_eqh_enable&quot;:false}\">\n\t\t\t\t\t\t\t<div class=\"elementor-background-overlay\"><\/div>\n\t\t\t\t\t\t<div class=\"elementor-shape elementor-shape-top\" data-negative=\"true\">\n\t\t\t<svg xmlns=\"http:\/\/www.w3.org\/2000\/svg\" viewbox=\"0 0 1000 100\" preserveaspectratio=\"none\">\n\t<path class=\"elementor-shape-fill\" d=\"M500,97C126.7,96.3,0.8,19.8,0,0v100l1000,0V1C1000,19.4,873.3,97.8,500,97z\"\/>\n<\/svg>\t\t<\/div>\n\t\t\t\t\t<div class=\"elementor-container elementor-column-gap-default\">\n\t\t\t\t\t\t\t<div class=\"elementor-row\">\n\t\t\t\t\t<div class=\"has_ma_el_bg_slider elementor-column elementor-col-100 elementor-top-column elementor-element elementor-element-5ee3571d\" data-id=\"5ee3571d\" data-element_type=\"column\">\n\t\t\t<div class=\"elementor-column-wrap elementor-element-populated\">\n\t\t\t\t\t\t\t<div class=\"elementor-widget-wrap\">\n\t\t\t\t\t\t<div class=\"elementor-element elementor-element-9d9a5b5 elementor-aspect-ratio-169 elementor-widget elementor-widget-video\" data-id=\"9d9a5b5\" data-element_type=\"widget\" data-settings=\"{&quot;youtube_url&quot;:&quot;https:\\\/\\\/www.youtube.com\\\/watch?v=m8-DdQCLDbY&quot;,&quot;start&quot;:17,&quot;end&quot;:72,&quot;video_type&quot;:&quot;youtube&quot;,&quot;controls&quot;:&quot;yes&quot;,&quot;aspect_ratio&quot;:&quot;169&quot;}\" data-widget_type=\"video.default\">\n\t\t\t\t<div class=\"elementor-widget-container\">\n\t\t\t\t\t<div class=\"elementor-wrapper elementor-fit-aspect-ratio elementor-open-inline\">\n\t\t\t<div class=\"elementor-video\"><\/div>\t\t<\/div>\n\t\t\t\t<\/div>\n\t\t\t\t<\/div>\n\t\t\t\t\t\t<\/div>\n\t\t\t\t\t<\/div>\n\t\t<\/div>\n\t\t\t\t\t\t\t\t<\/div>\n\t\t\t\t\t<\/div>\n\t\t<\/section>\n\t\t\t\t<section class=\"has_ma_el_bg_slider elementor-section elementor-top-section elementor-element elementor-element-6de8a0bd elementor-section-boxed elementor-section-height-default elementor-section-height-default\" data-id=\"6de8a0bd\" data-element_type=\"section\" data-settings=\"{&quot;background_background&quot;:&quot;none&quot;,&quot;_ha_eqh_enable&quot;:false}\">\n\t\t\t\t\t\t<div class=\"elementor-container elementor-column-gap-default\">\n\t\t\t\t\t\t\t<div class=\"elementor-row\">\n\t\t\t\t\t<div class=\"has_ma_el_bg_slider elementor-column elementor-col-100 elementor-top-column elementor-element elementor-element-455b0966\" data-id=\"455b0966\" data-element_type=\"column\">\n\t\t\t<div class=\"elementor-column-wrap\">\n\t\t\t\t\t\t\t<div class=\"elementor-widget-wrap\">\n\t\t\t\t\t\t\t\t<\/div>\n\t\t\t\t\t<\/div>\n\t\t<\/div>\n\t\t\t\t\t\t\t\t<\/div>\n\t\t\t\t\t<\/div>\n\t\t<\/section>\n\t\t\t\t\t\t<\/div>\n\t\t\t\t\t\t<\/div>\n\t\t\t\t\t<\/div>","protected":false},"excerpt":{"rendered":"<p>About me Hoi, ik ben Yvonne van der Horst en wat leuk dat jij ervoor gekozen hebt om mij jou te laten ondersteunen met het bereiken van jouw doel.Laat ik allereerst kort uitleggen waar ik voor sta en hoe ik te werk ga. My story De manier van leven voor geest &amp; lichaamstransformatie is een systeem van zelfontwikkeling. Mijn coaching methode is ontworpen door de informatie jungle op het gebied van gewichtsverlies, spieropbouw, mindfulness, gezondheid en fitness zorgvuldig te ontleden en alleen de onderdelen te gebruiken die werken. Ik heb hiervoor gebruik gemaakt van 18 jaar ervaring die ik op gedaan heb in de fitnessindustrie, waarin ik zelf meervoudig Nederlands-, en Duits fitness kampioene ben geweest en teven de finale van de wereldkampioenschappen heb behaald. Naast mijn ervaring die ik opgedaan heb tijdens mijn sportieve carri\u00e8re, heb ik meerdere diploma\u2019s en certificeringen als gezondheidscoach, lifestyle coach, personal trainer, voedingsdeskundige en&hellip;<\/p>\n<p> <a class=\"more-link\" href=\"https:\/\/www.coachiyvon.com\/de\/about-me-2\/\">Weiterlesen<\/a><\/p>","protected":false},"author":1,"featured_media":0,"parent":0,"menu_order":0,"comment_status":"closed","ping_status":"closed","template":"elementor_header_footer","meta":[],"_links":{"self":[{"href":"https:\/\/www.coachiyvon.com\/de\/wp-json\/wp\/v2\/pages\/287"}],"collection":[{"href":"https:\/\/www.coachiyvon.com\/de\/wp-json\/wp\/v2\/pages"}],"about":[{"href":"https:\/\/www.coachiyvon.com\/de\/wp-json\/wp\/v2\/types\/page"}],"author":[{"embeddable":true,"href":"https:\/\/www.coachiyvon.com\/de\/wp-json\/wp\/v2\/users\/1"}],"replies":[{"embeddable":true,"href":"https:\/\/www.coachiyvon.com\/de\/wp-json\/wp\/v2\/comments?post=287"}],"version-history":[{"count":104,"href":"https:\/\/www.coachiyvon.com\/de\/wp-json\/wp\/v2\/pages\/287\/revisions"}],"predecessor-version":[{"id":1261,"href":"https:\/\/www.coachiyvon.com\/de\/wp-json\/wp\/v2\/pages\/287\/revisions\/1261"}],"wp:attachment":[{"href":"https:\/\/www.coachiyvon.com\/de\/wp-json\/wp\/v2\/media?parent=287"}],"curies":[{"name":"wp","href":"https:\/\/api.w.org\/{rel}","templated":true}]}}