{"id":410,"date":"2020-11-23T14:26:25","date_gmt":"2020-11-23T13:26:25","guid":{"rendered":"https:\/\/www.coachiyvon.com\/?page_id=410"},"modified":"2021-09-21T12:13:48","modified_gmt":"2021-09-21T10:13:48","slug":"online-coaching","status":"publish","type":"page","link":"https:\/\/www.coachiyvon.com\/de\/online-coaching\/","title":{"rendered":"Online Coaching"},"content":{"rendered":"<div data-elementor-type=\"wp-page\" data-elementor-id=\"410\" class=\"elementor elementor-410\" data-elementor-settings=\"[]\">\n\t\t\t\t\t\t<div class=\"elementor-inner\">\n\t\t\t\t\t\t\t<div class=\"elementor-section-wrap\">\n\t\t\t\t\t\t\t<section class=\"has_ma_el_bg_slider elementor-section elementor-top-section elementor-element elementor-element-3a4389a5 elementor-section-boxed elementor-section-height-default elementor-section-height-default\" data-id=\"3a4389a5\" data-element_type=\"section\" data-settings=\"{&quot;background_background&quot;:&quot;classic&quot;,&quot;shape_divider_bottom&quot;:&quot;triangle-asymmetrical&quot;,&quot;shape_divider_bottom_negative&quot;:&quot;yes&quot;,&quot;_ha_eqh_enable&quot;:false}\">\n\t\t\t\t\t\t\t<div class=\"elementor-background-overlay\"><\/div>\n\t\t\t\t\t\t<div class=\"elementor-shape elementor-shape-bottom\" data-negative=\"true\">\n\t\t\t<svg xmlns=\"http:\/\/www.w3.org\/2000\/svg\" viewbox=\"0 0 1000 100\" preserveaspectratio=\"none\">\n\t<path class=\"elementor-shape-fill\" d=\"M737.9,94.7L0,0v100h1000V0L737.9,94.7z\"\/>\n<\/svg>\t\t<\/div>\n\t\t\t\t\t<div class=\"elementor-container elementor-column-gap-default\">\n\t\t\t\t\t\t\t<div class=\"elementor-row\">\n\t\t\t\t\t<div class=\"has_ma_el_bg_slider elementor-column elementor-col-100 elementor-top-column elementor-element elementor-element-18dcf6c\" data-id=\"18dcf6c\" data-element_type=\"column\">\n\t\t\t<div class=\"elementor-column-wrap elementor-element-populated\">\n\t\t\t\t\t\t\t<div class=\"elementor-widget-wrap\">\n\t\t\t\t\t\t<div class=\"elementor-element elementor-element-15d923b8 elementor-widget elementor-widget-heading\" data-id=\"15d923b8\" data-element_type=\"widget\" data-widget_type=\"heading.default\">\n\t\t\t\t<div class=\"elementor-widget-container\">\n\t\t\t<h2 class=\"elementor-heading-title elementor-size-default\">online-coaching<\/h2>\t\t<\/div>\n\t\t\t\t<\/div>\n\t\t\t\t<div class=\"elementor-element elementor-element-7ac1166 elementor-widget-divider--view-line elementor-widget elementor-widget-divider\" data-id=\"7ac1166\" data-element_type=\"widget\" data-widget_type=\"divider.default\">\n\t\t\t\t<div class=\"elementor-widget-container\">\n\t\t\t\t\t<div class=\"elementor-divider\">\n\t\t\t<span class=\"elementor-divider-separator\">\n\t\t\t\t\t\t<\/span>\n\t\t<\/div>\n\t\t\t\t<\/div>\n\t\t\t\t<\/div>\n\t\t\t\t<div class=\"elementor-element elementor-element-dea9171 elementor-widget elementor-widget-heading\" data-id=\"dea9171\" data-element_type=\"widget\" data-widget_type=\"heading.default\">\n\t\t\t\t<div class=\"elementor-widget-container\">\n\t\t\t<p class=\"elementor-heading-title elementor-size-default\">Bist du bereit, deinen Lebensstil zu \u00e4ndern?<\/p>\t\t<\/div>\n\t\t\t\t<\/div>\n\t\t\t\t<div class=\"elementor-element elementor-element-18c9c3e9 elementor-widget elementor-widget-text-editor\" data-id=\"18c9c3e9\" data-element_type=\"widget\" data-widget_type=\"text-editor.default\">\n\t\t\t\t<div class=\"elementor-widget-container\">\n\t\t\t\t\t\t\t\t<div class=\"elementor-text-editor elementor-clearfix\">\n\t\t\t\t<p>Dann werde ich Yvonne van der Horst, die Gr\u00fcnderin von CoachiYvon, Ihre Online-Personal Trainerin, Coach und Ern\u00e4hrungsberaterin.!<\/p>\t\t\t\t\t<\/div>\n\t\t\t\t\t\t<\/div>\n\t\t\t\t<\/div>\n\t\t\t\t\t\t<\/div>\n\t\t\t\t\t<\/div>\n\t\t<\/div>\n\t\t\t\t\t\t\t\t<\/div>\n\t\t\t\t\t<\/div>\n\t\t<\/section>\n\t\t\t\t<section class=\"has_ma_el_bg_slider elementor-section elementor-top-section elementor-element elementor-element-1db1fcb elementor-section-boxed elementor-section-height-default elementor-section-height-default\" data-id=\"1db1fcb\" data-element_type=\"section\" data-settings=\"{&quot;background_background&quot;:&quot;classic&quot;,&quot;_ha_eqh_enable&quot;:false}\">\n\t\t\t\t\t\t\t<div class=\"elementor-background-overlay\"><\/div>\n\t\t\t\t\t\t\t<div class=\"elementor-container elementor-column-gap-default\">\n\t\t\t\t\t\t\t<div class=\"elementor-row\">\n\t\t\t\t\t<div class=\"has_ma_el_bg_slider elementor-column elementor-col-100 elementor-top-column elementor-element elementor-element-30cf72d\" data-id=\"30cf72d\" data-element_type=\"column\">\n\t\t\t<div class=\"elementor-column-wrap elementor-element-populated\">\n\t\t\t\t\t\t\t<div class=\"elementor-widget-wrap\">\n\t\t\t\t\t\t<div class=\"elementor-element elementor-element-b8c71f2 elementor-widget elementor-widget-heading\" data-id=\"b8c71f2\" data-element_type=\"widget\" data-widget_type=\"heading.default\">\n\t\t\t\t<div class=\"elementor-widget-container\">\n\t\t\t<p class=\"elementor-heading-title elementor-size-default\">Wie funktioniert das ?!!<\/p>\t\t<\/div>\n\t\t\t\t<\/div>\n\t\t\t\t<div class=\"elementor-element elementor-element-36d99dd elementor-widget elementor-widget-text-editor\" data-id=\"36d99dd\" data-element_type=\"widget\" data-widget_type=\"text-editor.default\">\n\t\t\t\t<div class=\"elementor-widget-container\">\n\t\t\t\t\t\t\t\t<div class=\"elementor-text-editor elementor-clearfix\">\n\t\t\t\t<p>Wir vereinbaren einen Termin, damit wir uns besser kennenlernen, Ihr pers\u00f6nliches Ziel erarbeiten und eine Ganzk\u00f6rperanalyse von Ihnen durchf\u00fchren k\u00f6nnen. Dann kann ich Sie zum Laufen bringen, mache Ihnen Trainingspl\u00e4ne die nat\u00fcrlich auf Sie pers\u00f6nlich zugeschnitten sind!\nDabei ber\u00fccksichtige ich Ihren aktuellen Lebensstil, Ihre Ern\u00e4hrung, Ihr Training und auch Ihre Genesung. W\u00e4hrend des Prozesses werden Sie von mir pers\u00f6nlich unterst\u00fctzt, wobei ich gemeinsam mit Ihnen sicherstellen werde, dass die vereinbarten Ergebnisse Schritt f\u00fcr Schritt erreicht und aufrechterhalten werden!<\/p>\t\t\t\t\t<\/div>\n\t\t\t\t\t\t<\/div>\n\t\t\t\t<\/div>\n\t\t\t\t<div class=\"elementor-element elementor-element-958585a elementor-widget elementor-widget-heading\" data-id=\"958585a\" data-element_type=\"widget\" data-widget_type=\"heading.default\">\n\t\t\t\t<div class=\"elementor-widget-container\">\n\t\t\t<h2 class=\"elementor-heading-title elementor-size-default\">Online-Coaching, pers\u00f6nlich, ergebnisorientiert, zuverl\u00e4ssig und verantwortlich f\u00fcr alle, die jetzt ein ges\u00fcnderes Leben f\u00fchren und ihren K\u00f6rper in Angriff nehmen m\u00f6chten!\n<\/h2>\t\t<\/div>\n\t\t\t\t<\/div>\n\t\t\t\t<div class=\"elementor-element elementor-element-b82e0f7 elementor-widget elementor-widget-text-editor\" data-id=\"b82e0f7\" data-element_type=\"widget\" data-widget_type=\"text-editor.default\">\n\t\t\t\t<div class=\"elementor-widget-container\">\n\t\t\t\t\t\t\t\t<div class=\"elementor-text-editor elementor-clearfix\">\n\t\t\t\t<p>Ein Online-Personal Trainer, Ern\u00e4hrungsberater oder Lifestyle-Coach kann Ihnen alle Dienstleistungen bieten, die ein pers\u00f6nlicher Fachmann bieten w\u00fcrde. Ich bin stolz darauf, unsere Trainingsumgebung interaktiv, benutzerfreundlich, leicht verst\u00e4ndlich und mit allen Informationen zu versehen, die Sie ben\u00f6tigen, um erfolgreich zu sein.<\/p><p>Abgesehen von dieser fantastischen Trainingsumgebung sind neben einer hohen Servicequalit\u00e4t, die zum Teil alles beinhaltet, was Sie pers\u00f6nlich erhalten, die gr\u00f6\u00dften Vorteile f\u00fcr Sie Bequemlichkeit und Einsparungen. Das\nDie Kosten f\u00fcr Online-Dienste sind erheblich niedriger als f\u00fcr pers\u00f6nliche Dienste, und Sie k\u00f6nnen dies tun\nSchlie\u00dfen Sie den Vorgang von \u00fcberall ab: im Fitnessstudio, zu Hause, im B\u00fcro oder unterwegs!\nEs ist wahr, dass ich nicht da bin, um Ihnen Ihre \u00dcbungen zu zeigen, aber Sie k\u00f6nnen mir eine E-Mail senden oder mir Ihre Fragen schreiben. Ich werde am selben Tag antworten und eine Antwort innerhalb von 3 Stunden anstreben. Ich kann Ihnen immer helfen mit Senden Sie Videos und \/ oder Fotos der \u00dcbungen, bei denen Sie sich nicht sicher sind. Es gibt viele andere Vorteile meiner Dienste, und dies schafft eine Dynamik, die Ihren ERFOLG sichert, solange SIE die Arbeit erledigen!<\/p>\t\t\t\t\t<\/div>\n\t\t\t\t\t\t<\/div>\n\t\t\t\t<\/div>\n\t\t\t\t<div class=\"elementor-element elementor-element-0f1e3f1 elementor-widget elementor-widget-heading\" data-id=\"0f1e3f1\" data-element_type=\"widget\" data-widget_type=\"heading.default\">\n\t\t\t\t<div class=\"elementor-widget-container\">\n\t\t\t<h3 class=\"elementor-heading-title elementor-size-default\">Deine Vorteile:<\/h3>\t\t<\/div>\n\t\t\t\t<\/div>\n\t\t\t\t<div class=\"elementor-element elementor-element-12610b3 elementor-widget elementor-widget-text-editor\" data-id=\"12610b3\" data-element_type=\"widget\" data-widget_type=\"text-editor.default\">\n\t\t\t\t<div class=\"elementor-widget-container\">\n\t\t\t\t\t\t\t\t<div class=\"elementor-text-editor elementor-clearfix\">\n\t\t\t\t<p>- Alle Fachkenntnisse mit einer Person,<br \/>- niedrige Kosten in Bezug auf die Einstellung eines Personal Trainers und Ern\u00e4hrungsberaters.<br \/>- Der Trainingsplan, Ern\u00e4hrung und das Training wird st\u00e4ndig an Ihre Vorlieben und Bed\u00fcrfnisse angepasst.<\/p>\t\t\t\t\t<\/div>\n\t\t\t\t\t\t<\/div>\n\t\t\t\t<\/div>\n\t\t\t\t<div class=\"elementor-element elementor-element-1ddf0f6 elementor-widget elementor-widget-heading\" data-id=\"1ddf0f6\" data-element_type=\"widget\" data-widget_type=\"heading.default\">\n\t\t\t\t<div class=\"elementor-widget-container\">\n\t\t\t<h3 class=\"elementor-heading-title elementor-size-default\">So registrieren Sie sich:<\/h3>\t\t<\/div>\n\t\t\t\t<\/div>\n\t\t\t\t<div class=\"elementor-element elementor-element-f3e5e2f elementor-widget elementor-widget-text-editor\" data-id=\"f3e5e2f\" data-element_type=\"widget\" data-widget_type=\"text-editor.default\">\n\t\t\t\t<div class=\"elementor-widget-container\">\n\t\t\t\t\t\t\t\t<div class=\"elementor-text-editor elementor-clearfix\">\n\t\t\t\t<p>W\u00e4hlen Sie nun eines der Pakete aus, die f\u00fcr Sie am besten geeignet sind. Coaching Normal bis Fortgeschritten oder das Competition-PREP.\nSie k\u00f6nnen jederzeit zwischen Paketen wechseln.<\/p>\t\t\t\t\t<\/div>\n\t\t\t\t\t\t<\/div>\n\t\t\t\t<\/div>\n\t\t\t\t<div class=\"elementor-element elementor-element-1af94c3 elementor-widget elementor-widget-heading\" data-id=\"1af94c3\" data-element_type=\"widget\" data-widget_type=\"heading.default\">\n\t\t\t\t<div class=\"elementor-widget-container\">\n\t\t\t<h3 class=\"elementor-heading-title elementor-size-default\">Wie lange dauert das Coaching?<\/h3>\t\t<\/div>\n\t\t\t\t<\/div>\n\t\t\t\t<div class=\"elementor-element elementor-element-a511266 elementor-widget elementor-widget-text-editor\" data-id=\"a511266\" data-element_type=\"widget\" data-widget_type=\"text-editor.default\">\n\t\t\t\t<div class=\"elementor-widget-container\">\n\t\t\t\t\t\t\t\t<div class=\"elementor-text-editor elementor-clearfix\">\n\t\t\t\t<p>Dies ist eine Frage, die ich oft erhalte! Der Prozess, der befolgt werden muss, um das gew\u00fcnschte Ergebnis zu erzielen.\nDie Leistung durch Online-Coaching kann je nach Person, K\u00f6rpertyp und stark variieren\ndein Ziel. Im Durchschnitt erreichen meine Teilnehmer innerhalb von 6 bis 9 Monaten das gew\u00fcnschte Ergebnis. Oft bleiben meine Teilnehmer l\u00e4nger, weil die Dinge so gut laufen und ihre Ziele und Grenzen verschieben.<br \/>In dieser ununterbrochenen Zeit sage ich Ihnen nicht nur, was Sie tun sollen, sondern lehre Sie auch, warum Sie etwas tun m\u00fcssen.<\/p><p>Ist online-Coaching etwas f\u00fcr Sie, oder haben Sie\nFragen dazu <u><b><a href=\"https:\/\/www.coachiyvon.com\/de\/contact\/\" rel=\"noopener\">Kontakt<\/a><\/b><\/u> dann sende Sie eine E-mail und ich melde mich unverbindlich bei Ihnen.<\/p>\t\t\t\t\t<\/div>\n\t\t\t\t\t\t<\/div>\n\t\t\t\t<\/div>\n\t\t\t\t\t\t<\/div>\n\t\t\t\t\t<\/div>\n\t\t<\/div>\n\t\t\t\t\t\t\t\t<\/div>\n\t\t\t\t\t<\/div>\n\t\t<\/section>\n\t\t\t\t<section class=\"has_ma_el_bg_slider elementor-section elementor-top-section elementor-element elementor-element-23646410 elementor-section-boxed elementor-section-height-default elementor-section-height-default\" data-id=\"23646410\" data-element_type=\"section\" data-settings=\"{&quot;background_background&quot;:&quot;classic&quot;,&quot;shape_divider_top&quot;:&quot;triangle-asymmetrical&quot;,&quot;shape_divider_top_negative&quot;:&quot;yes&quot;,&quot;_ha_eqh_enable&quot;:false}\">\n\t\t\t\t\t\t\t<div class=\"elementor-background-overlay\"><\/div>\n\t\t\t\t\t\t<div class=\"elementor-shape elementor-shape-top\" data-negative=\"true\">\n\t\t\t<svg xmlns=\"http:\/\/www.w3.org\/2000\/svg\" viewbox=\"0 0 1000 100\" preserveaspectratio=\"none\">\n\t<path class=\"elementor-shape-fill\" d=\"M737.9,94.7L0,0v100h1000V0L737.9,94.7z\"\/>\n<\/svg>\t\t<\/div>\n\t\t\t\t\t<div class=\"elementor-container elementor-column-gap-default\">\n\t\t\t\t\t\t\t<div class=\"elementor-row\">\n\t\t\t\t\t<div class=\"has_ma_el_bg_slider elementor-column elementor-col-100 elementor-top-column elementor-element elementor-element-5f26f758\" data-id=\"5f26f758\" data-element_type=\"column\">\n\t\t\t<div class=\"elementor-column-wrap elementor-element-populated\">\n\t\t\t\t\t\t\t<div class=\"elementor-widget-wrap\">\n\t\t\t\t\t\t<div class=\"elementor-element elementor-element-8fdbb3c elementor-widget elementor-widget-spacer\" data-id=\"8fdbb3c\" data-element_type=\"widget\" data-widget_type=\"spacer.default\">\n\t\t\t\t<div class=\"elementor-widget-container\">\n\t\t\t\t\t<div class=\"elementor-spacer\">\n\t\t\t<div class=\"elementor-spacer-inner\"><\/div>\n\t\t<\/div>\n\t\t\t\t<\/div>\n\t\t\t\t<\/div>\n\t\t\t\t\t\t<\/div>\n\t\t\t\t\t<\/div>\n\t\t<\/div>\n\t\t\t\t\t\t\t\t<\/div>\n\t\t\t\t\t<\/div>\n\t\t<\/section>\n\t\t\t\t\t\t<\/div>\n\t\t\t\t\t\t<\/div>\n\t\t\t\t\t<\/div>","protected":false},"excerpt":{"rendered":"<p>online-coaching Ben jij er aan toe om jou levensstijl te veranderen? Dan word ik Yvonne van der Horst, de oprichtster van CoachiYvon, jouw Online Personal Trainer, Coach en Voedingsdeskundige..! Hoe werkt dit? !! We maken een afspraak zodat we elkaar beter kunnen leren kennen, je persoonlijke doel uitwerken en totale een body analyse van je kan opmaken. Daarna kan ik je aan de slag, ga ik voeding \u2013en trainingsschema\u2019s voor je maken wat natuurlijk op jouw persoonlijk is afgestemd! Daarmee hou ik rekening met jou huidige levensstijl, je voeding, je training en ook herstel. Gedurende het traject word je door mij persoonlijk ondersteunt, waarbij ik samen met jou ervoor ga zorgen dat de afgesproken resultaten stap voor stap worden behaald en behouden! Online Coaching is Persoonlijk, Resultaatgericht, Betrouwbaar en verantwoord voor een ieder die nu gezonder wil leven en zijn lichaam wil aanpakken! Een online personal trainer, voedingscoach of lifestylecoach&hellip;<\/p>\n<p> <a class=\"more-link\" href=\"https:\/\/www.coachiyvon.com\/de\/online-coaching\/\">Weiterlesen<\/a><\/p>","protected":false},"author":1,"featured_media":0,"parent":0,"menu_order":0,"comment_status":"closed","ping_status":"closed","template":"elementor_header_footer","meta":[],"_links":{"self":[{"href":"https:\/\/www.coachiyvon.com\/de\/wp-json\/wp\/v2\/pages\/410"}],"collection":[{"href":"https:\/\/www.coachiyvon.com\/de\/wp-json\/wp\/v2\/pages"}],"about":[{"href":"https:\/\/www.coachiyvon.com\/de\/wp-json\/wp\/v2\/types\/page"}],"author":[{"embeddable":true,"href":"https:\/\/www.coachiyvon.com\/de\/wp-json\/wp\/v2\/users\/1"}],"replies":[{"embeddable":true,"href":"https:\/\/www.coachiyvon.com\/de\/wp-json\/wp\/v2\/comments?post=410"}],"version-history":[{"count":155,"href":"https:\/\/www.coachiyvon.com\/de\/wp-json\/wp\/v2\/pages\/410\/revisions"}],"predecessor-version":[{"id":1313,"href":"https:\/\/www.coachiyvon.com\/de\/wp-json\/wp\/v2\/pages\/410\/revisions\/1313"}],"wp:attachment":[{"href":"https:\/\/www.coachiyvon.com\/de\/wp-json\/wp\/v2\/media?parent=410"}],"curies":[{"name":"wp","href":"https:\/\/api.w.org\/{rel}","templated":true}]}}