{"id":81,"date":"2020-05-10T13:58:25","date_gmt":"2020-05-10T11:58:25","guid":{"rendered":"https:\/\/www.coachiyvon.com\/?page_id=81"},"modified":"2021-09-21T11:34:59","modified_gmt":"2021-09-21T09:34:59","slug":"contact","status":"publish","type":"page","link":"https:\/\/www.coachiyvon.com\/de\/contact\/","title":{"rendered":"Kontakt"},"content":{"rendered":"<div data-elementor-type=\"wp-page\" data-elementor-id=\"81\" class=\"elementor elementor-81\" data-elementor-settings=\"[]\">\n\t\t\t\t\t\t<div class=\"elementor-inner\">\n\t\t\t\t\t\t\t<div class=\"elementor-section-wrap\">\n\t\t\t\t\t\t\t<section class=\"has_ma_el_bg_slider elementor-section elementor-top-section elementor-element elementor-element-18440b56 elementor-section-boxed elementor-section-height-default elementor-section-height-default\" data-id=\"18440b56\" data-element_type=\"section\" data-settings=\"{&quot;background_background&quot;:&quot;classic&quot;,&quot;_ha_eqh_enable&quot;:false}\">\n\t\t\t\t\t\t\t<div class=\"elementor-background-overlay\"><\/div>\n\t\t\t\t\t\t\t<div class=\"elementor-container elementor-column-gap-default\">\n\t\t\t\t\t\t\t<div class=\"elementor-row\">\n\t\t\t\t\t<div class=\"has_ma_el_bg_slider elementor-column elementor-col-100 elementor-top-column elementor-element elementor-element-3d22451d\" data-id=\"3d22451d\" data-element_type=\"column\">\n\t\t\t<div class=\"elementor-column-wrap elementor-element-populated\">\n\t\t\t\t\t\t\t<div class=\"elementor-widget-wrap\">\n\t\t\t\t\t\t<div class=\"elementor-element elementor-element-2fe90684 elementor-widget elementor-widget-heading\" data-id=\"2fe90684\" data-element_type=\"widget\" data-widget_type=\"heading.default\">\n\t\t\t\t<div class=\"elementor-widget-container\">\n\t\t\t<h2 class=\"elementor-heading-title elementor-size-default\">KONTAKT<\/h2>\t\t<\/div>\n\t\t\t\t<\/div>\n\t\t\t\t<div class=\"elementor-element elementor-element-68c6d6a7 elementor-widget elementor-widget-text-editor\" data-id=\"68c6d6a7\" data-element_type=\"widget\" data-widget_type=\"text-editor.default\">\n\t\t\t\t<div class=\"elementor-widget-container\">\n\t\t\t\t\t\t\t\t<div class=\"elementor-text-editor elementor-clearfix\">\n\t\t\t\t<p>M\u00f6chten Sie sich mit mir in Verbindung setzen, um das Beste aus sich herauszuholen, m\u00f6chten Sie mit meinem pers\u00f6nlichen Trainingsprogramm beginnen oder m\u00f6chten Sie mehr \u00fcber meine Arbeitsweise erfahren?<\/p>\n<p>Geben Sie Ihre Daten ein und ich werde mich so schnell wie m\u00f6glich mit Ihnen in Verbindung setzen. Nat\u00fcrlich werde ich Ihre pers\u00f6nlichen Daten sorgf\u00e4ltig behandeln und nichts anderes tun, als Sie zu kontaktieren.<\/p>\t\t\t\t\t<\/div>\n\t\t\t\t\t\t<\/div>\n\t\t\t\t<\/div>\n\t\t\t\t<div class=\"elementor-element elementor-element-6caa931d elementor-widget elementor-widget-text-editor\" data-id=\"6caa931d\" data-element_type=\"widget\" data-widget_type=\"text-editor.default\">\n\t\t\t\t<div class=\"elementor-widget-container\">\n\t\t\t\t\t\t\t\t<div class=\"elementor-text-editor elementor-clearfix\">\n\t\t\t\t<p><span style=\"font-size: 14pt;\"><strong>MEINE KONTAKTDATEN<\/strong><\/span><br \/>Yvonne van der Horst<br \/>Madeliefstraat 25<br \/>Berkel-Enschot<br \/><strong>Tel. +31639393068<\/strong><\/p>\t\t\t\t\t<\/div>\n\t\t\t\t\t\t<\/div>\n\t\t\t\t<\/div>\n\t\t\t\t<div class=\"elementor-element elementor-element-f24bf1a elementor-widget elementor-widget-heading\" data-id=\"f24bf1a\" data-element_type=\"widget\" data-widget_type=\"heading.default\">\n\t\t\t\t<div class=\"elementor-widget-container\">\n\t\t\t<p class=\"elementor-heading-title elementor-size-default\"><a href=\"mailto:yvon@coachiyvon.com\">yvon@coachiyvon.com<\/a><\/p>\t\t<\/div>\n\t\t\t\t<\/div>\n\t\t\t\t\t\t<\/div>\n\t\t\t\t\t<\/div>\n\t\t<\/div>\n\t\t\t\t\t\t\t\t<\/div>\n\t\t\t\t\t<\/div>\n\t\t<\/section>\n\t\t\t\t\t\t<\/div>\n\t\t\t\t\t\t<\/div>\n\t\t\t\t\t<\/div>","protected":false},"excerpt":{"rendered":"<p>CONTACT Wil je graag met mij in contact komen om het beste uit jezelf te halen, wil je met mij aan de slag met mijn personal training programma, of wil je meer weten over hoe ik te werk ga? Vul hieronder uw gegevens en ik neem zo spoedig mogelijk contact met u op. Uiteraard ga ik zorgvuldig met je persoonsgegevens om, en zal hier niks anders mee gedaan worden dan met jou contact opnemen. MIJN CONTACT GEGEVENSYvonne van der HorstMadeliefstraat 25Berkel-EnschotTel. +31639393068 yvon@coachiyvon.com<\/p>","protected":false},"author":1,"featured_media":0,"parent":0,"menu_order":0,"comment_status":"closed","ping_status":"closed","template":"elementor_header_footer","meta":[],"_links":{"self":[{"href":"https:\/\/www.coachiyvon.com\/de\/wp-json\/wp\/v2\/pages\/81"}],"collection":[{"href":"https:\/\/www.coachiyvon.com\/de\/wp-json\/wp\/v2\/pages"}],"about":[{"href":"https:\/\/www.coachiyvon.com\/de\/wp-json\/wp\/v2\/types\/page"}],"author":[{"embeddable":true,"href":"https:\/\/www.coachiyvon.com\/de\/wp-json\/wp\/v2\/users\/1"}],"replies":[{"embeddable":true,"href":"https:\/\/www.coachiyvon.com\/de\/wp-json\/wp\/v2\/comments?post=81"}],"version-history":[{"count":34,"href":"https:\/\/www.coachiyvon.com\/de\/wp-json\/wp\/v2\/pages\/81\/revisions"}],"predecessor-version":[{"id":1306,"href":"https:\/\/www.coachiyvon.com\/de\/wp-json\/wp\/v2\/pages\/81\/revisions\/1306"}],"wp:attachment":[{"href":"https:\/\/www.coachiyvon.com\/de\/wp-json\/wp\/v2\/media?parent=81"}],"curies":[{"name":"wp","href":"https:\/\/api.w.org\/{rel}","templated":true}]}}