{"id":934,"date":"2021-05-16T12:38:58","date_gmt":"2021-05-16T10:38:58","guid":{"rendered":"https:\/\/www.coachiyvon.com\/?page_id=934"},"modified":"2021-09-21T17:49:13","modified_gmt":"2021-09-21T15:49:13","slug":"ketogen","status":"publish","type":"page","link":"https:\/\/www.coachiyvon.com\/de\/ketogen\/","title":{"rendered":"Ketogen"},"content":{"rendered":"<div data-elementor-type=\"wp-page\" data-elementor-id=\"934\" class=\"elementor elementor-934\" data-elementor-settings=\"[]\">\n\t\t\t\t\t\t<div class=\"elementor-inner\">\n\t\t\t\t\t\t\t<div class=\"elementor-section-wrap\">\n\t\t\t\t\t\t\t<section class=\"has_ma_el_bg_slider elementor-section elementor-top-section elementor-element elementor-element-3a4389a5 elementor-section-boxed elementor-section-height-default elementor-section-height-default\" data-id=\"3a4389a5\" data-element_type=\"section\" data-settings=\"{&quot;background_background&quot;:&quot;classic&quot;,&quot;shape_divider_bottom&quot;:&quot;triangle-asymmetrical&quot;,&quot;shape_divider_bottom_negative&quot;:&quot;yes&quot;,&quot;_ha_eqh_enable&quot;:false}\">\n\t\t\t\t\t\t\t<div class=\"elementor-background-overlay\"><\/div>\n\t\t\t\t\t\t<div class=\"elementor-shape elementor-shape-bottom\" data-negative=\"true\">\n\t\t\t<svg xmlns=\"http:\/\/www.w3.org\/2000\/svg\" viewbox=\"0 0 1000 100\" preserveaspectratio=\"none\">\n\t<path class=\"elementor-shape-fill\" d=\"M737.9,94.7L0,0v100h1000V0L737.9,94.7z\"\/>\n<\/svg>\t\t<\/div>\n\t\t\t\t\t<div class=\"elementor-container elementor-column-gap-default\">\n\t\t\t\t\t\t\t<div class=\"elementor-row\">\n\t\t\t\t\t<div class=\"has_ma_el_bg_slider elementor-column elementor-col-100 elementor-top-column elementor-element elementor-element-18dcf6c\" data-id=\"18dcf6c\" data-element_type=\"column\">\n\t\t\t<div class=\"elementor-column-wrap elementor-element-populated\">\n\t\t\t\t\t\t\t<div class=\"elementor-widget-wrap\">\n\t\t\t\t\t\t<div class=\"elementor-element elementor-element-15d923b8 elementor-widget elementor-widget-heading\" data-id=\"15d923b8\" data-element_type=\"widget\" data-widget_type=\"heading.default\">\n\t\t\t\t<div class=\"elementor-widget-container\">\n\t\t\t<h1 class=\"elementor-heading-title elementor-size-default\">#keto<\/h1>\t\t<\/div>\n\t\t\t\t<\/div>\n\t\t\t\t<div class=\"elementor-element elementor-element-add48e1 elementor-widget elementor-widget-heading\" data-id=\"add48e1\" data-element_type=\"widget\" data-widget_type=\"heading.default\">\n\t\t\t\t<div class=\"elementor-widget-container\">\n\t\t\t<h2 class=\"elementor-heading-title elementor-size-default\">#cleaneating&nbsp; #essenohnekohlenhydrate&nbsp; #abnehmen&nbsp; #ketosis&nbsp; #lowcarblife&nbsp; #ketogeniclifestyle<\/h2>\t\t<\/div>\n\t\t\t\t<\/div>\n\t\t\t\t<div class=\"elementor-element elementor-element-7ac1166 elementor-widget-divider--view-line elementor-widget elementor-widget-divider\" data-id=\"7ac1166\" data-element_type=\"widget\" data-widget_type=\"divider.default\">\n\t\t\t\t<div class=\"elementor-widget-container\">\n\t\t\t\t\t<div class=\"elementor-divider\">\n\t\t\t<span class=\"elementor-divider-separator\">\n\t\t\t\t\t\t<\/span>\n\t\t<\/div>\n\t\t\t\t<\/div>\n\t\t\t\t<\/div>\n\t\t\t\t<div class=\"elementor-element elementor-element-dea9171 elementor-widget elementor-widget-heading\" data-id=\"dea9171\" data-element_type=\"widget\" data-widget_type=\"heading.default\">\n\t\t\t\t<div class=\"elementor-widget-container\">\n\t\t\t<h3 class=\"elementor-heading-title elementor-size-default\">ketogeen dieet is anders en effectief<\/h3>\t\t<\/div>\n\t\t\t\t<\/div>\n\t\t\t\t<div class=\"elementor-element elementor-element-18c9c3e9 elementor-widget elementor-widget-text-editor\" data-id=\"18c9c3e9\" data-element_type=\"widget\" data-widget_type=\"text-editor.default\">\n\t\t\t\t<div class=\"elementor-widget-container\">\n\t\t\t\t\t\t\t\t<div class=\"elementor-text-editor elementor-clearfix\">\n\t\t\t\t\t\t\t\t\t<\/div>\n\t\t\t\t\t\t<\/div>\n\t\t\t\t<\/div>\n\t\t\t\t\t\t<\/div>\n\t\t\t\t\t<\/div>\n\t\t<\/div>\n\t\t\t\t\t\t\t\t<\/div>\n\t\t\t\t\t<\/div>\n\t\t<\/section>\n\t\t\t\t<section class=\"has_ma_el_bg_slider elementor-section elementor-top-section elementor-element elementor-element-1db1fcb elementor-section-boxed elementor-section-height-default elementor-section-height-default\" data-id=\"1db1fcb\" data-element_type=\"section\" data-settings=\"{&quot;background_background&quot;:&quot;classic&quot;}\">\n\t\t\t\t\t\t\t<div class=\"elementor-background-overlay\"><\/div>\n\t\t\t\t\t\t\t<div class=\"elementor-container elementor-column-gap-default\">\n\t\t\t\t\t\t\t<div class=\"elementor-row\">\n\t\t\t\t\t<div class=\"has_ma_el_bg_slider elementor-column elementor-col-100 elementor-top-column elementor-element elementor-element-30cf72d\" data-id=\"30cf72d\" data-element_type=\"column\">\n\t\t\t<div class=\"elementor-column-wrap elementor-element-populated\">\n\t\t\t\t\t\t\t<div class=\"elementor-widget-wrap\">\n\t\t\t\t\t\t<div class=\"elementor-element elementor-element-b8c71f2 elementor-widget elementor-widget-heading\" data-id=\"b8c71f2\" data-element_type=\"widget\" data-widget_type=\"heading.default\">\n\t\t\t\t<div class=\"elementor-widget-container\">\n\t\t\t<p class=\"elementor-heading-title elementor-size-default\">Wie funktioniert das ?!!<\/p>\t\t<\/div>\n\t\t\t\t<\/div>\n\t\t\t\t<div class=\"elementor-element elementor-element-0f1e3f1 elementor-widget elementor-widget-heading\" data-id=\"0f1e3f1\" data-element_type=\"widget\" data-widget_type=\"heading.default\">\n\t\t\t\t<div class=\"elementor-widget-container\">\n\t\t\t<h3 class=\"elementor-heading-title elementor-size-default\">EINE KETOGENE DI\u00c4T F\u00dcR ANF\u00c4NGER!<\/h3>\t\t<\/div>\n\t\t\t\t<\/div>\n\t\t\t\t<div class=\"elementor-element elementor-element-12610b3 ha-css-transform-yes elementor-widget elementor-widget-text-editor\" data-id=\"12610b3\" data-element_type=\"widget\" data-widget_type=\"text-editor.default\">\n\t\t\t\t<div class=\"elementor-widget-container\">\n\t\t\t\t\t\t\t\t<div class=\"elementor-text-editor elementor-clearfix\">\n\t\t\t\t<p class=\" translation-block\">Eine ketogene oder ketogene Di\u00e4t ist eine\nkohlenhydratarme, moderate Protein- und\nfettreiche Di\u00e4t, die Ihnen helfen kann, Fett\neffektiver zu verbrennen. Es hat viele Vorteile f\u00fcr\nGewichtsverlust, Gesundheit und Leistung, wie\nin \u00fcber 50 Studien gezeigt wurde.<\/p><p>Deshalb wird es von so vielen \u00c4rzten\nempfohlen.<\/p><p class=\" translation-block\">Eine Keto-Di\u00e4t kann besonders n\u00fctzlich sein, um\n\u00fcbersch\u00fcssiges K\u00f6rperfett ohne Hunger zu\nverlieren und um Typ-2-Diabetes zu verbessern.<\/p><p>Ik kan leren hoe ik een keto-dieet moet eten op basis van echt voedsel. Gaaan de slag met onze visuele gidsen, recepten, maaltijdplannen en eenvoudig<br \/>8 weken startprogramma. Het is alles wat je nodig hebt om te slagen op keto.<\/p>\t\t\t\t\t<\/div>\n\t\t\t\t\t\t<\/div>\n\t\t\t\t<\/div>\n\t\t\t\t<div class=\"elementor-element elementor-element-1ddf0f6 elementor-widget elementor-widget-heading\" data-id=\"1ddf0f6\" data-element_type=\"widget\" data-widget_type=\"heading.default\">\n\t\t\t\t<div class=\"elementor-widget-container\">\n\t\t\t<h3 class=\"elementor-heading-title elementor-size-default\">WAS IST KETO?<\/h3>\t\t<\/div>\n\t\t\t\t<\/div>\n\t\t\t\t<div class=\"elementor-element elementor-element-56e2b39 elementor-widget elementor-widget-text-editor\" data-id=\"56e2b39\" data-element_type=\"widget\" data-widget_type=\"text-editor.default\">\n\t\t\t\t<div class=\"elementor-widget-container\">\n\t\t\t\t\t\t\t\t<div class=\"elementor-text-editor elementor-clearfix\">\n\t\t\t\t<p>Het keto-dieet is een zeer koolhydraatarm, vetrijk dieet. Het is in veel opzichten vergelijkbaar met andere koolhydraatarme di\u00ebten.<br \/>Hoewel u veel minder koolhydraten eet tijdens een keto-dieet, behoudt u een matige eiwitconsumptie en kunt u uw vetinname verhogen. De vermindering van de inname van koolhydraten brengt uw lichaam in een metabolische stat,<br \/>genaamd ketose, waarbij vet uit uw dieet en uit uw lichaam wordt verbrand voor energie.<\/p>\t\t\t\t\t<\/div>\n\t\t\t\t\t\t<\/div>\n\t\t\t\t<\/div>\n\t\t\t\t<div class=\"elementor-element elementor-element-1af94c3 elementor-widget elementor-widget-heading\" data-id=\"1af94c3\" data-element_type=\"widget\" data-widget_type=\"heading.default\">\n\t\t\t\t<div class=\"elementor-widget-container\">\n\t\t\t<h3 class=\"elementor-heading-title elementor-size-default\">WAS BEDEUTET KETO?<\/h3>\t\t<\/div>\n\t\t\t\t<\/div>\n\t\t\t\t<div class=\"elementor-element elementor-element-efd0010 elementor-widget elementor-widget-text-editor\" data-id=\"efd0010\" data-element_type=\"widget\" data-widget_type=\"text-editor.default\">\n\t\t\t\t<div class=\"elementor-widget-container\">\n\t\t\t\t\t\t\t\t<div class=\"elementor-text-editor elementor-clearfix\">\n\t\t\t\t<p>Een &#8220;keto&#8221;of &#8220;ketogeen&#8221; dieet wordt zo genoemd omdat het ervoor zorgt dat uw lichaam kleine brandstofmoleculen aanmaakt die &#8220;ketonen&#8221; worden genoemd.<br \/>Dit is een alternatieve brandstofbron voor uw lichaam die kan worden<br \/>gebruikt als de bloedsuikerspiegel (glucose) schaars is.<br \/>Als je heel weinig koolhydraten of heel weinig calorie\u00ebn eet, maakt je<br \/>lever ketonen aan uit vet. Deze ketonen dienen vervolgens als brandstofbron door het hele lichaam, vooral voor de hersenen.<br \/>De hersenen zijn een hongerig orgaan dat elke dag veel energie verbruikt, en het kan niet direct op vet draaien. Het werkt alleen op glucose &#8211; of ketonen.<br \/>Bij een ketogeen dieet schakelt uw hele lichaam de brandstoftoevoer om, zodat het voornamelijk op vet draait en 24 uur per dag vet verbrandt.<br \/>Wanneer het insulinegehalte erg laag wordt, kan de vetverbranding<br \/>dramatisch toenemen. Het wordt gemakkelijker om toegang te krijgen tot uw vetreserves om ze te verbranden.<br \/>Dit is geweldig als je probeert af te vallen, maar er kunnen ook andere<br \/>voordelen zijn, zoals minder honger en een constante aanvoer van energie &#8211; zonder de suikerpieken en dalen die vaak voorkomen bij het eten van koolhydraatrijke maaltijden. Dit kan u helpen alert en gefocust te blijven.<br \/>Wanneer het lichaam ketonen produceert, komt het in een metabolische\u00a0 toestand die ketose wordt genoemd. De snelste manier om daar te komen is<br \/>door te vasten &#8211; niets te eten &#8211; maar niemand kan consequent voor altijd<br \/>vasten.<\/p><p class=\" translation-block\">Eine Keto-Di\u00e4t hingegen f\u00fchrt auch zu einer\nKetose und kann auf unbestimmte Zeit\neingenommen werden. Es hat viele der Vorteile\n\ndes Fastens \u2013 einschlie\u00dflich Gewichtsverlust \u2013\nohne langfristig fasten zu m\u00fcssen.<\/p><div class=\"elementor-element elementor-element-2eede7bb elementor-widget elementor-widget-heading\" data-id=\"2eede7bb\" data-element_type=\"widget\" data-widget_type=\"heading.default\"><div class=\"elementor-widget-container\"><div class=\"elementor-heading-title elementor-size-default\">\u00a0<\/div><\/div><\/div>\t\t\t\t\t<\/div>\n\t\t\t\t\t\t<\/div>\n\t\t\t\t<\/div>\n\t\t\t\t\t\t<\/div>\n\t\t\t\t\t<\/div>\n\t\t<\/div>\n\t\t\t\t\t\t\t\t<\/div>\n\t\t\t\t\t<\/div>\n\t\t<\/section>\n\t\t\t\t\t\t<\/div>\n\t\t\t\t\t\t<\/div>\n\t\t\t\t\t<\/div>","protected":false},"excerpt":{"rendered":"<p>#keto #cleaneating&nbsp; #essenohnekohlenhydrate&nbsp; #abnehmen&nbsp; #ketosis&nbsp; #lowcarblife&nbsp; #ketogeniclifestyle ketogeen dieet is anders en effectief Hoe werkt dit? !! EEN KETOGENE DIEET VOOR BEGINNERS! Een keto- of ketogeen dieet is een koolhydraatarm, matig eiwitrijk envetrijk dieet waarmee u effectiever vet kunt verbranden. Het heeft veelvoordelen voor gewichtsverlies, gezondheid en prestaties, zoals aangetoondin meer dan 50 onderzoeken. Daarom wordt het door zoveel artsen aanbevolen. Een keto-dieet kan vooral nuttig zijn om overtollig lichaamsvet teverliezen zonder honger te lijden en om diabetes type 2 te verbeteren. Ik kan leren hoe ik een keto-dieet moet eten op basis van echt voedsel. Gaaan de slag met onze visuele gidsen, recepten, maaltijdplannen en eenvoudig8 weken startprogramma. Het is alles wat je nodig hebt om te slagen op keto. WAT IS KETO? Het keto-dieet is een zeer koolhydraatarm, vetrijk dieet. Het is in veel opzichten vergelijkbaar met andere koolhydraatarme di\u00ebten.Hoewel u veel minder koolhydraten eet tijdens een keto-dieet,&hellip;<\/p>\n<p> <a class=\"more-link\" href=\"https:\/\/www.coachiyvon.com\/de\/ketogen\/\">Weiterlesen<\/a><\/p>","protected":false},"author":1,"featured_media":0,"parent":0,"menu_order":0,"comment_status":"closed","ping_status":"closed","template":"elementor_header_footer","meta":[],"_links":{"self":[{"href":"https:\/\/www.coachiyvon.com\/de\/wp-json\/wp\/v2\/pages\/934"}],"collection":[{"href":"https:\/\/www.coachiyvon.com\/de\/wp-json\/wp\/v2\/pages"}],"about":[{"href":"https:\/\/www.coachiyvon.com\/de\/wp-json\/wp\/v2\/types\/page"}],"author":[{"embeddable":true,"href":"https:\/\/www.coachiyvon.com\/de\/wp-json\/wp\/v2\/users\/1"}],"replies":[{"embeddable":true,"href":"https:\/\/www.coachiyvon.com\/de\/wp-json\/wp\/v2\/comments?post=934"}],"version-history":[{"count":109,"href":"https:\/\/www.coachiyvon.com\/de\/wp-json\/wp\/v2\/pages\/934\/revisions"}],"predecessor-version":[{"id":1339,"href":"https:\/\/www.coachiyvon.com\/de\/wp-json\/wp\/v2\/pages\/934\/revisions\/1339"}],"wp:attachment":[{"href":"https:\/\/www.coachiyvon.com\/de\/wp-json\/wp\/v2\/media?parent=934"}],"curies":[{"name":"wp","href":"https:\/\/api.w.org\/{rel}","templated":true}]}}