{"id":960,"date":"2021-05-16T15:00:32","date_gmt":"2021-05-16T13:00:32","guid":{"rendered":"https:\/\/www.coachiyvon.com\/?page_id=960"},"modified":"2021-08-30T15:50:25","modified_gmt":"2021-08-30T13:50:25","slug":"voeding2","status":"publish","type":"page","link":"https:\/\/www.coachiyvon.com\/de\/voeding2\/","title":{"rendered":"Voeding2"},"content":{"rendered":"<div data-elementor-type=\"wp-page\" data-elementor-id=\"960\" class=\"elementor elementor-960\" data-elementor-settings=\"[]\">\n\t\t\t\t\t\t<div class=\"elementor-inner\">\n\t\t\t\t\t\t\t<div class=\"elementor-section-wrap\">\n\t\t\t\t\t\t\t<section class=\"has_ma_el_bg_slider elementor-section elementor-top-section elementor-element elementor-element-11b1fd6a elementor-section-boxed elementor-section-height-default elementor-section-height-default\" data-id=\"11b1fd6a\" data-element_type=\"section\" data-settings=\"{&quot;background_background&quot;:&quot;classic&quot;,&quot;shape_divider_bottom&quot;:&quot;triangle-asymmetrical&quot;,&quot;shape_divider_bottom_negative&quot;:&quot;yes&quot;,&quot;_ha_eqh_enable&quot;:false}\">\n\t\t\t\t\t\t\t<div class=\"elementor-background-overlay\"><\/div>\n\t\t\t\t\t\t<div class=\"elementor-shape elementor-shape-bottom\" data-negative=\"true\">\n\t\t\t<svg xmlns=\"http:\/\/www.w3.org\/2000\/svg\" viewbox=\"0 0 1000 100\" preserveaspectratio=\"none\">\n\t<path class=\"elementor-shape-fill\" d=\"M737.9,94.7L0,0v100h1000V0L737.9,94.7z\"\/>\n<\/svg>\t\t<\/div>\n\t\t\t\t\t<div class=\"elementor-container elementor-column-gap-default\">\n\t\t\t\t\t\t\t<div class=\"elementor-row\">\n\t\t\t\t\t<div class=\"has_ma_el_bg_slider elementor-column elementor-col-100 elementor-top-column elementor-element elementor-element-3a189c2c\" data-id=\"3a189c2c\" data-element_type=\"column\">\n\t\t\t<div class=\"elementor-column-wrap elementor-element-populated\">\n\t\t\t\t\t\t\t<div class=\"elementor-widget-wrap\">\n\t\t\t\t\t\t<div class=\"elementor-element elementor-element-333d1582 elementor-widget elementor-widget-heading\" data-id=\"333d1582\" data-element_type=\"widget\" data-widget_type=\"heading.default\">\n\t\t\t\t<div class=\"elementor-widget-container\">\n\t\t\t<h2 class=\"elementor-heading-title elementor-size-default\">Ern\u00e4hrung<\/h2>\t\t<\/div>\n\t\t\t\t<\/div>\n\t\t\t\t<div class=\"elementor-element elementor-element-663ad36f elementor-widget-divider--view-line elementor-widget elementor-widget-divider\" data-id=\"663ad36f\" data-element_type=\"widget\" data-widget_type=\"divider.default\">\n\t\t\t\t<div class=\"elementor-widget-container\">\n\t\t\t\t\t<div class=\"elementor-divider\">\n\t\t\t<span class=\"elementor-divider-separator\">\n\t\t\t\t\t\t<\/span>\n\t\t<\/div>\n\t\t\t\t<\/div>\n\t\t\t\t<\/div>\n\t\t\t\t<div class=\"elementor-element elementor-element-315c1037 elementor-widget elementor-widget-heading\" data-id=\"315c1037\" data-element_type=\"widget\" data-widget_type=\"heading.default\">\n\t\t\t\t<div class=\"elementor-widget-container\">\n\t\t\t<p class=\"elementor-heading-title elementor-size-default\">Willst du ein bisschen mehr?<\/p>\t\t<\/div>\n\t\t\t\t<\/div>\n\t\t\t\t<div class=\"elementor-element elementor-element-c13fb47 elementor-widget elementor-widget-text-editor\" data-id=\"c13fb47\" data-element_type=\"widget\" data-widget_type=\"text-editor.default\">\n\t\t\t\t<div class=\"elementor-widget-container\">\n\t\t\t\t\t\t\t\t<div class=\"elementor-text-editor elementor-clearfix\">\n\t\t\t\t<p>Dann lassen Sie sich eins zu eins f\u00fchren.<br \/>Bei Coachiyvon steht der Kunde an erster Stelle.<\/p>\t\t\t\t\t<\/div>\n\t\t\t\t\t\t<\/div>\n\t\t\t\t<\/div>\n\t\t\t\t\t\t<\/div>\n\t\t\t\t\t<\/div>\n\t\t<\/div>\n\t\t\t\t\t\t\t\t<\/div>\n\t\t\t\t\t<\/div>\n\t\t<\/section>\n\t\t\t\t<section class=\"has_ma_el_bg_slider elementor-section elementor-top-section elementor-element elementor-element-6c870ef4 elementor-section-boxed elementor-section-height-default elementor-section-height-default\" data-id=\"6c870ef4\" data-element_type=\"section\" data-settings=\"{&quot;background_background&quot;:&quot;classic&quot;,&quot;_ha_eqh_enable&quot;:false}\">\n\t\t\t\t\t\t\t<div class=\"elementor-background-overlay\"><\/div>\n\t\t\t\t\t\t\t<div class=\"elementor-container elementor-column-gap-default\">\n\t\t\t\t\t\t\t<div class=\"elementor-row\">\n\t\t\t\t\t<div class=\"has_ma_el_bg_slider elementor-column elementor-col-100 elementor-top-column elementor-element elementor-element-33f76308\" data-id=\"33f76308\" data-element_type=\"column\">\n\t\t\t<div class=\"elementor-column-wrap elementor-element-populated\">\n\t\t\t\t\t\t\t<div class=\"elementor-widget-wrap\">\n\t\t\t\t\t\t<div class=\"elementor-element elementor-element-1011210e elementor-widget elementor-widget-heading\" data-id=\"1011210e\" data-element_type=\"widget\" data-widget_type=\"heading.default\">\n\t\t\t\t<div class=\"elementor-widget-container\">\n\t\t\t<p class=\"elementor-heading-title elementor-size-default\">Wie funktioniert das ?!!<\/p>\t\t<\/div>\n\t\t\t\t<\/div>\n\t\t\t\t<div class=\"elementor-element elementor-element-c3cd870 elementor-widget elementor-widget-text-editor\" data-id=\"c3cd870\" data-element_type=\"widget\" data-widget_type=\"text-editor.default\">\n\t\t\t\t<div class=\"elementor-widget-container\">\n\t\t\t\t\t\t\t\t<div class=\"elementor-text-editor elementor-clearfix\">\n\t\t\t\t<p>Neben dem Training ist die richtige Ern\u00e4hrung sehr wichtig, um das optimale Ergebnis zu erzielen. Mit einer gesunden Ern\u00e4hrung verbessern Sie Ihre sportlichen Leistungen. Ob Laufen oder Fitness; Ihre Ern\u00e4hrung vor, w\u00e4hrend und nach dem Training ist entscheidend f\u00fcr Ihr Endergebnis.<\/p><p>In der Sportwelt werden viele Fabeln und Halbwahrheiten erz\u00e4hlt. Es ist daher wichtig, dass Sie sich von einer Expertin beraten lassen, die sicherstellt, dass sie immer \u00fcber die neuesten Entwicklungen auf dem Laufenden ist und auf jahrelange praktische Erfahrung zur\u00fcckgreifen kann.<\/p><p>Ein guter Rat kann viele ern\u00e4hrungsbedingte Beschwerden verhindern. Betrachten Sie zum Beispiel ein lebloses Gef\u00fchl, keine Energie oder Konzentration, Magen- und Darmbeschwerden oder Hungerattacken.<br \/>Wenn wir dies verbessern, f\u00fchlen Sie sich nicht nur besser, sondern f\u00fchlen sich auch in Ihrer Haut wohler. Ohne diese Beschwerden erzielen Sie einfach eine bessere Leistung.<\/p>\t\t\t\t\t<\/div>\n\t\t\t\t\t\t<\/div>\n\t\t\t\t<\/div>\n\t\t\t\t\t\t<\/div>\n\t\t\t\t\t<\/div>\n\t\t<\/div>\n\t\t\t\t\t\t\t\t<\/div>\n\t\t\t\t\t<\/div>\n\t\t<\/section>\n\t\t\t\t\t\t<\/div>\n\t\t\t\t\t\t<\/div>\n\t\t\t\t\t<\/div>","protected":false},"excerpt":{"rendered":"<p>VOEDING Wil je net iets meer? Laat je dan persoonlijk begeleiding, 1 op 1.Bij Coachiyvon staat de klant voorop&#8230;! Hoe werkt dit? !! Naast het sporten is de juiste voeding erg belangrijk om het optimale resultaat te behalen. Met gezonde voeding verbeter je je sportprestaties. Of het nu hardlopen of fitness doet; je voeding voor, tijdens, en na je training is cruciaal voor je uiteindelijke resultaat. Er worden in de sportwereld veel fabels en halve waarheden verteld. Het is daarom belangrijk dat je advies inwint bij een deskundige die zorgt dat zij altijd up to date is van de laatste ontwikkelingen, en die kan putten uit een jarenlange praktijkervaring. Een goed advies kan veel klachten die met voeding samenhangen voorkomen. Denk bijvoorbeeld aan een futloos gevoel, geen energie of focus, maag \u2013en darmklachten of hongerklop.Wanneer we dit verbeteren voel jij je niet alleen beter, maar zit je lekkerder in je&hellip;<\/p>\n<p> <a class=\"more-link\" href=\"https:\/\/www.coachiyvon.com\/de\/voeding2\/\">Weiterlesen<\/a><\/p>","protected":false},"author":1,"featured_media":0,"parent":0,"menu_order":0,"comment_status":"closed","ping_status":"closed","template":"elementor_header_footer","meta":[],"_links":{"self":[{"href":"https:\/\/www.coachiyvon.com\/de\/wp-json\/wp\/v2\/pages\/960"}],"collection":[{"href":"https:\/\/www.coachiyvon.com\/de\/wp-json\/wp\/v2\/pages"}],"about":[{"href":"https:\/\/www.coachiyvon.com\/de\/wp-json\/wp\/v2\/types\/page"}],"author":[{"embeddable":true,"href":"https:\/\/www.coachiyvon.com\/de\/wp-json\/wp\/v2\/users\/1"}],"replies":[{"embeddable":true,"href":"https:\/\/www.coachiyvon.com\/de\/wp-json\/wp\/v2\/comments?post=960"}],"version-history":[{"count":49,"href":"https:\/\/www.coachiyvon.com\/de\/wp-json\/wp\/v2\/pages\/960\/revisions"}],"predecessor-version":[{"id":1258,"href":"https:\/\/www.coachiyvon.com\/de\/wp-json\/wp\/v2\/pages\/960\/revisions\/1258"}],"wp:attachment":[{"href":"https:\/\/www.coachiyvon.com\/de\/wp-json\/wp\/v2\/media?parent=960"}],"curies":[{"name":"wp","href":"https:\/\/api.w.org\/{rel}","templated":true}]}}